{"id":17,"date":"2022-05-16T10:50:47","date_gmt":"2022-05-16T08:50:47","guid":{"rendered":"https:\/\/lecarabao.com\/?page_id=17"},"modified":"2023-04-22T17:19:21","modified_gmt":"2023-04-22T15:19:21","slug":"home","status":"publish","type":"page","link":"https:\/\/lecarabao.com\/","title":{"rendered":"Le Carabao"},"content":{"rendered":"\n<div class=\"wp-block-cover alignwide has-parallax wp-duotone-rgb000-rgb0255177-1\"><span aria-hidden=\"true\" class=\"wp-block-cover__background has-black-background-color has-background-dim-40 has-background-dim\"><\/span><div role=\"img\" class=\"wp-block-cover__image-background wp-image-189 has-parallax\" style=\"background-position:50% 50%;background-image:url(https:\/\/lecarabao.com\/wp-content\/uploads\/2022\/05\/photo-de-debut-1024x680.jpg)\"><\/div><div class=\"wp-block-cover__inner-container is-layout-flow wp-block-cover-is-layout-flow\">\n<div style=\"height:63px\" aria-hidden=\"true\" class=\"wp-block-spacer\"><\/div>\n\n\n\n<p class=\"has-text-align-center has-text-color has-large-font-size\" style=\"color:#17ffe0;letter-spacing:0px\"><strong>LE CARABAO<\/strong> <\/p>\n\n\n\n<p class=\"has-text-align-center has-large-font-size\" style=\"letter-spacing:0px\">Sp\u00e9cialit\u00e9s Philippines,<br>Vietnamiennes, Tha\u00eflandaises,<br>Cambodgiennes\u2026<\/p>\n\n\n\n<p class=\"has-text-align-center has-medium-font-size\">D\u00e9couvrez un panel de plats vari\u00e9s, raffin\u00e9s et riches en go\u00fbt, <br>\u00e9labor\u00e9s exclusivement avec des produits frais de saison.<br><br><strong><strong>COMMANDEZ<\/strong><\/strong> <strong>AU<\/strong><\/p>\n\n\n\n<div class=\"wp-block-buttons has-custom-font-size has-medium-font-size is-content-justification-center is-layout-flex wp-container-core-buttons-is-layout-16018d1d wp-block-buttons-is-layout-flex\" style=\"text-transform:uppercase\">\n<div class=\"wp-block-button is-style-fill\"><a class=\"wp-block-button__link has-text-color has-background wp-element-button\" style=\"color:#00373d;background-color:#00ffe5\"><strong>04 68 75 55 34<\/strong><\/a><\/div>\n<\/div>\n\n\n\n<div style=\"height:210px\" aria-hidden=\"true\" class=\"wp-block-spacer\"><\/div>\n<\/div><\/div>\n\n\n\n<div class=\"wp-block-cover alignfull is-light hestia-clear-top-padding\" style=\"min-height:1386px;aspect-ratio:unset;\"><span aria-hidden=\"true\" class=\"wp-block-cover__background has-white-background-color has-background-dim-100 has-background-dim\"><\/span><div class=\"wp-block-cover__inner-container is-layout-flow wp-block-cover-is-layout-flow\">\n<div class=\"wp-block-columns container is-layout-flex wp-container-core-columns-is-layout-9d6595d7 wp-block-columns-is-layout-flex\">\n<div class=\"wp-block-column is-layout-flow wp-block-column-is-layout-flow\">\n<h5 class=\"wp-block-heading has-text-align-center has-text-color\" style=\"color:#3c4858;font-size:18px\">Sur Place<\/h5>\n<\/div>\n\n\n\n<div class=\"wp-block-column is-layout-flow wp-block-column-is-layout-flow\">\n<h5 class=\"wp-block-heading has-text-align-center has-text-color\" style=\"color:#3c4858;font-size:18px\">A Emporter<\/h5>\n<\/div>\n\n\n\n<div class=\"wp-block-column is-layout-flow wp-block-column-is-layout-flow\">\n<h5 class=\"wp-block-heading has-text-align-center has-text-color\" style=\"color:#3c4858;font-size:18px\">Traiteur<\/h5>\n<\/div>\n<\/div>\n\n\n\n<p><\/p>\n\n\n\n<p><\/p>\n\n\n\n<p><\/p>\n\n\n\n<h2 class=\"wp-block-heading has-text-align-center\">D\u00e9couvrez quelques uns de nos plats<\/h2>\n\n\n\n<div style=\"height:40px\" aria-hidden=\"true\" class=\"wp-block-spacer\"><\/div>\n\n\n\n<figure class=\"wp-block-gallery has-nested-images columns-4 is-cropped wp-block-gallery-2 is-layout-flex wp-block-gallery-is-layout-flex\">\n<figure class=\"wp-block-image size-large\"><img loading=\"lazy\" decoding=\"async\" width=\"1024\" height=\"1024\" data-id=\"93\" src=\"https:\/\/lecarabao.com\/wp-content\/uploads\/2022\/05\/Bo-bun-pix-1024x1024.png\" alt=\"\" class=\"wp-image-93\" srcset=\"https:\/\/lecarabao.com\/wp-content\/uploads\/2022\/05\/Bo-bun-pix-1024x1024.png 1024w, https:\/\/lecarabao.com\/wp-content\/uploads\/2022\/05\/Bo-bun-pix-300x300.png 300w, https:\/\/lecarabao.com\/wp-content\/uploads\/2022\/05\/Bo-bun-pix-150x150.png 150w, https:\/\/lecarabao.com\/wp-content\/uploads\/2022\/05\/Bo-bun-pix-768x768.png 768w, https:\/\/lecarabao.com\/wp-content\/uploads\/2022\/05\/Bo-bun-pix.png 1080w\" sizes=\"auto, (max-width: 1024px) 100vw, 1024px\" \/><\/figure>\n\n\n\n<figure class=\"wp-block-image size-large is-style-default\"><img loading=\"lazy\" decoding=\"async\" width=\"1024\" height=\"1024\" data-id=\"142\" src=\"https:\/\/lecarabao.com\/wp-content\/uploads\/2022\/05\/Beignet-de-crevette-1024x1024.png\" alt=\"\" class=\"wp-image-142\" srcset=\"https:\/\/lecarabao.com\/wp-content\/uploads\/2022\/05\/Beignet-de-crevette-1024x1024.png 1024w, https:\/\/lecarabao.com\/wp-content\/uploads\/2022\/05\/Beignet-de-crevette-300x300.png 300w, https:\/\/lecarabao.com\/wp-content\/uploads\/2022\/05\/Beignet-de-crevette-150x150.png 150w, https:\/\/lecarabao.com\/wp-content\/uploads\/2022\/05\/Beignet-de-crevette-768x768.png 768w, https:\/\/lecarabao.com\/wp-content\/uploads\/2022\/05\/Beignet-de-crevette.png 1080w\" sizes=\"auto, (max-width: 1024px) 100vw, 1024px\" \/><\/figure>\n\n\n\n<figure class=\"wp-block-image size-large\"><img loading=\"lazy\" decoding=\"async\" width=\"1024\" height=\"1024\" data-id=\"138\" src=\"https:\/\/lecarabao.com\/wp-content\/uploads\/2022\/05\/Boeuf-loc-lac-pix-1-1024x1024.png\" alt=\"\" class=\"wp-image-138\" srcset=\"https:\/\/lecarabao.com\/wp-content\/uploads\/2022\/05\/Boeuf-loc-lac-pix-1-1024x1024.png 1024w, https:\/\/lecarabao.com\/wp-content\/uploads\/2022\/05\/Boeuf-loc-lac-pix-1-300x300.png 300w, https:\/\/lecarabao.com\/wp-content\/uploads\/2022\/05\/Boeuf-loc-lac-pix-1-150x150.png 150w, https:\/\/lecarabao.com\/wp-content\/uploads\/2022\/05\/Boeuf-loc-lac-pix-1-768x768.png 768w, https:\/\/lecarabao.com\/wp-content\/uploads\/2022\/05\/Boeuf-loc-lac-pix-1.png 1080w\" sizes=\"auto, (max-width: 1024px) 100vw, 1024px\" \/><\/figure>\n\n\n\n<figure class=\"wp-block-image size-large\"><img loading=\"lazy\" decoding=\"async\" width=\"1024\" height=\"1024\" data-id=\"145\" src=\"https:\/\/lecarabao.com\/wp-content\/uploads\/2022\/05\/Rouleau-de-printemps-1024x1024.png\" alt=\"\" class=\"wp-image-145\" srcset=\"https:\/\/lecarabao.com\/wp-content\/uploads\/2022\/05\/Rouleau-de-printemps-1024x1024.png 1024w, https:\/\/lecarabao.com\/wp-content\/uploads\/2022\/05\/Rouleau-de-printemps-300x300.png 300w, https:\/\/lecarabao.com\/wp-content\/uploads\/2022\/05\/Rouleau-de-printemps-150x150.png 150w, https:\/\/lecarabao.com\/wp-content\/uploads\/2022\/05\/Rouleau-de-printemps-768x768.png 768w, https:\/\/lecarabao.com\/wp-content\/uploads\/2022\/05\/Rouleau-de-printemps.png 1080w\" sizes=\"auto, (max-width: 1024px) 100vw, 1024px\" \/><\/figure>\n\n\n\n<figure class=\"wp-block-image size-large\"><img loading=\"lazy\" decoding=\"async\" width=\"1024\" height=\"1024\" data-id=\"148\" src=\"https:\/\/lecarabao.com\/wp-content\/uploads\/2022\/05\/Samoussa-1024x1024.png\" alt=\"\" class=\"wp-image-148\" srcset=\"https:\/\/lecarabao.com\/wp-content\/uploads\/2022\/05\/Samoussa-1024x1024.png 1024w, https:\/\/lecarabao.com\/wp-content\/uploads\/2022\/05\/Samoussa-300x300.png 300w, https:\/\/lecarabao.com\/wp-content\/uploads\/2022\/05\/Samoussa-150x150.png 150w, https:\/\/lecarabao.com\/wp-content\/uploads\/2022\/05\/Samoussa-768x768.png 768w, https:\/\/lecarabao.com\/wp-content\/uploads\/2022\/05\/Samoussa.png 1080w\" sizes=\"auto, (max-width: 1024px) 100vw, 1024px\" \/><\/figure>\n\n\n\n<figure class=\"wp-block-image size-large\"><img loading=\"lazy\" decoding=\"async\" width=\"1024\" height=\"1024\" data-id=\"152\" src=\"https:\/\/lecarabao.com\/wp-content\/uploads\/2022\/05\/Brochette-poulet-satay-1024x1024.png\" alt=\"\" class=\"wp-image-152\" srcset=\"https:\/\/lecarabao.com\/wp-content\/uploads\/2022\/05\/Brochette-poulet-satay-1024x1024.png 1024w, https:\/\/lecarabao.com\/wp-content\/uploads\/2022\/05\/Brochette-poulet-satay-300x300.png 300w, https:\/\/lecarabao.com\/wp-content\/uploads\/2022\/05\/Brochette-poulet-satay-150x150.png 150w, https:\/\/lecarabao.com\/wp-content\/uploads\/2022\/05\/Brochette-poulet-satay-768x768.png 768w, https:\/\/lecarabao.com\/wp-content\/uploads\/2022\/05\/Brochette-poulet-satay.png 1080w\" sizes=\"auto, (max-width: 1024px) 100vw, 1024px\" \/><\/figure>\n\n\n\n<figure class=\"wp-block-image size-large\"><img loading=\"lazy\" decoding=\"async\" width=\"1024\" height=\"1024\" data-id=\"92\" src=\"https:\/\/lecarabao.com\/wp-content\/uploads\/2022\/05\/Crevettes-curry-pix-1024x1024.png\" alt=\"\" class=\"wp-image-92\" srcset=\"https:\/\/lecarabao.com\/wp-content\/uploads\/2022\/05\/Crevettes-curry-pix-1024x1024.png 1024w, https:\/\/lecarabao.com\/wp-content\/uploads\/2022\/05\/Crevettes-curry-pix-300x300.png 300w, https:\/\/lecarabao.com\/wp-content\/uploads\/2022\/05\/Crevettes-curry-pix-150x150.png 150w, https:\/\/lecarabao.com\/wp-content\/uploads\/2022\/05\/Crevettes-curry-pix-768x768.png 768w, https:\/\/lecarabao.com\/wp-content\/uploads\/2022\/05\/Crevettes-curry-pix.png 1080w\" sizes=\"auto, (max-width: 1024px) 100vw, 1024px\" \/><\/figure>\n<\/figure>\n\n\n<div class=\"wp-block-image is-style-default\">\n<figure class=\"aligncenter size-full\"><img loading=\"lazy\" decoding=\"async\" width=\"512\" height=\"248\" src=\"https:\/\/lecarabao.com\/wp-content\/uploads\/2022\/05\/cropped-cropped-cropped-Icone-site-internet.png\" alt=\"\" class=\"wp-image-227\" srcset=\"https:\/\/lecarabao.com\/wp-content\/uploads\/2022\/05\/cropped-cropped-cropped-Icone-site-internet.png 512w, https:\/\/lecarabao.com\/wp-content\/uploads\/2022\/05\/cropped-cropped-cropped-Icone-site-internet-300x145.png 300w\" sizes=\"auto, (max-width: 512px) 100vw, 512px\" \/><\/figure>\n<\/div>\n\n\n<p class=\"has-text-align-center has-white-color has-text-color has-background\" style=\"background:linear-gradient(196deg,rgb(122,220,180) 0%,rgb(0,208,130) 100%);font-size:23px\"><br><strong>De Mai \u00e0 Septembre&nbsp;: <\/strong>du lundi au samedi de 11h \u00e0 14h et de 17h30 \u00e0 21h<strong><br>Octobre \u00e0 Avril&nbsp;:<\/strong> du mardi au samedi de 11h \u00e0 14h et de 17h30 \u00e0 20h<br><br><\/p>\n\n\n\n<p><\/p>\n<\/div><\/div>\n\n\n\n<div class=\"wp-block-columns container is-layout-flex wp-container-core-columns-is-layout-9d6595d7 wp-block-columns-is-layout-flex\">\n<div class=\"wp-block-column col-md-5 is-layout-flow wp-block-column-is-layout-flow\">\n<h2 class=\"wp-block-heading\">A propos&#8230;<\/h2>\n\n\n\n<p>Amoureux des Philippines, c\u2019est tout naturellement que Julien a rencontr\u00e9 Jemima dans ce pays merveilleux. Jemima est originaire de l\u2019\u00eele Carabao, une petite perle au d\u00e9cor paradisiaque. Passionn\u00e9s de cuisine et jouissant de nombreuses exp\u00e9riences dans la restauration aux Philippines, le d\u00e9sir de cr\u00e9er notre restaurant est n\u00e9.<br>Nous proposons une cuisine authentique et originale, faisant d\u00e9couvrir de nouvelles saveurs ainsi que des plats traditionnels, le tout dans un budget ma\u00eetris\u00e9.<\/p>\n<\/div>\n\n\n\n<div class=\"wp-block-column col-md-6 col-md-offset1 is-layout-flow wp-block-column-is-layout-flow\">\n<figure class=\"wp-block-image size-large\"><img loading=\"lazy\" decoding=\"async\" width=\"1024\" height=\"674\" src=\"https:\/\/lecarabao.com\/wp-content\/uploads\/2022\/05\/IMG_7151-1024x674.jpg\" alt=\"\" class=\"wp-image-55\" srcset=\"https:\/\/lecarabao.com\/wp-content\/uploads\/2022\/05\/IMG_7151-1024x674.jpg 1024w, https:\/\/lecarabao.com\/wp-content\/uploads\/2022\/05\/IMG_7151-300x197.jpg 300w, https:\/\/lecarabao.com\/wp-content\/uploads\/2022\/05\/IMG_7151-768x505.jpg 768w, https:\/\/lecarabao.com\/wp-content\/uploads\/2022\/05\/IMG_7151-1536x1010.jpg 1536w, https:\/\/lecarabao.com\/wp-content\/uploads\/2022\/05\/IMG_7151-2048x1347.jpg 2048w\" sizes=\"auto, (max-width: 1024px) 100vw, 1024px\" \/><figcaption class=\"wp-element-caption\">Julien &amp; Jemima<\/figcaption><\/figure>\n\n\n\n<p><\/p>\n<\/div>\n<\/div>\n\n\n\n<div class=\"wp-block-cover has-parallax\"><span aria-hidden=\"true\" class=\"wp-block-cover__background has-background-dim-70 has-background-dim\" style=\"background-color:#00352e\"><\/span><div role=\"img\" class=\"wp-block-cover__image-background wp-image-200 has-parallax\" style=\"background-position:50% 50%;background-image:url(https:\/\/lecarabao.com\/wp-content\/uploads\/2022\/05\/photo-de-fin-scaled.jpg)\"><\/div><div class=\"wp-block-cover__inner-container is-layout-flow wp-block-cover-is-layout-flow\">\n<p class=\"has-text-align-center has-white-color has-text-color has-large-font-size\"><strong>D\u00e9gustez les saveurs d&rsquo;Asie et d&rsquo;ailleurs <\/strong><br><strong>Sur place ou \u00e0 emporter<\/strong><\/p>\n\n\n\n<p class=\"has-text-align-center has-white-color has-text-color\">5 bis Place Jean Gastou &#8211; 11700 P\u00e9pieux<\/p>\n\n\n\n<p class=\"has-text-align-center has-white-color has-text-color\">T\u00e9l : 04 68 75 55 34<\/p>\n<\/div><\/div>\n\n\n\n<figure class=\"wp-block-gallery has-nested-images columns-6 is-cropped wp-block-gallery-3 is-layout-flex wp-block-gallery-is-layout-flex\">\n<figure class=\"wp-block-image size-large\"><img loading=\"lazy\" decoding=\"async\" width=\"1024\" height=\"1024\" data-id=\"145\" src=\"https:\/\/lecarabao.com\/wp-content\/uploads\/2022\/05\/Rouleau-de-printemps-1024x1024.png\" alt=\"\" class=\"wp-image-145\" srcset=\"https:\/\/lecarabao.com\/wp-content\/uploads\/2022\/05\/Rouleau-de-printemps-1024x1024.png 1024w, https:\/\/lecarabao.com\/wp-content\/uploads\/2022\/05\/Rouleau-de-printemps-300x300.png 300w, https:\/\/lecarabao.com\/wp-content\/uploads\/2022\/05\/Rouleau-de-printemps-150x150.png 150w, https:\/\/lecarabao.com\/wp-content\/uploads\/2022\/05\/Rouleau-de-printemps-768x768.png 768w, https:\/\/lecarabao.com\/wp-content\/uploads\/2022\/05\/Rouleau-de-printemps.png 1080w\" sizes=\"auto, (max-width: 1024px) 100vw, 1024px\" \/><\/figure>\n\n\n\n<figure class=\"wp-block-image size-large\"><img loading=\"lazy\" decoding=\"async\" width=\"1024\" height=\"1024\" data-id=\"142\" src=\"https:\/\/lecarabao.com\/wp-content\/uploads\/2022\/05\/Beignet-de-crevette-1024x1024.png\" alt=\"\" class=\"wp-image-142\" srcset=\"https:\/\/lecarabao.com\/wp-content\/uploads\/2022\/05\/Beignet-de-crevette-1024x1024.png 1024w, https:\/\/lecarabao.com\/wp-content\/uploads\/2022\/05\/Beignet-de-crevette-300x300.png 300w, https:\/\/lecarabao.com\/wp-content\/uploads\/2022\/05\/Beignet-de-crevette-150x150.png 150w, https:\/\/lecarabao.com\/wp-content\/uploads\/2022\/05\/Beignet-de-crevette-768x768.png 768w, https:\/\/lecarabao.com\/wp-content\/uploads\/2022\/05\/Beignet-de-crevette.png 1080w\" sizes=\"auto, (max-width: 1024px) 100vw, 1024px\" \/><\/figure>\n\n\n\n<figure class=\"wp-block-image size-large\"><img loading=\"lazy\" decoding=\"async\" width=\"1024\" height=\"1024\" data-id=\"91\" src=\"https:\/\/lecarabao.com\/wp-content\/uploads\/2022\/05\/Beignets-de-poulet-pix-1024x1024.png\" alt=\"\" class=\"wp-image-91\" srcset=\"https:\/\/lecarabao.com\/wp-content\/uploads\/2022\/05\/Beignets-de-poulet-pix-1024x1024.png 1024w, https:\/\/lecarabao.com\/wp-content\/uploads\/2022\/05\/Beignets-de-poulet-pix-300x300.png 300w, https:\/\/lecarabao.com\/wp-content\/uploads\/2022\/05\/Beignets-de-poulet-pix-150x150.png 150w, https:\/\/lecarabao.com\/wp-content\/uploads\/2022\/05\/Beignets-de-poulet-pix-768x768.png 768w, https:\/\/lecarabao.com\/wp-content\/uploads\/2022\/05\/Beignets-de-poulet-pix.png 1080w\" sizes=\"auto, (max-width: 1024px) 100vw, 1024px\" \/><\/figure>\n\n\n\n<figure class=\"wp-block-image size-large\"><img loading=\"lazy\" decoding=\"async\" width=\"1024\" height=\"1024\" data-id=\"93\" src=\"https:\/\/lecarabao.com\/wp-content\/uploads\/2022\/05\/Bo-bun-pix-1024x1024.png\" alt=\"\" class=\"wp-image-93\" srcset=\"https:\/\/lecarabao.com\/wp-content\/uploads\/2022\/05\/Bo-bun-pix-1024x1024.png 1024w, https:\/\/lecarabao.com\/wp-content\/uploads\/2022\/05\/Bo-bun-pix-300x300.png 300w, https:\/\/lecarabao.com\/wp-content\/uploads\/2022\/05\/Bo-bun-pix-150x150.png 150w, https:\/\/lecarabao.com\/wp-content\/uploads\/2022\/05\/Bo-bun-pix-768x768.png 768w, https:\/\/lecarabao.com\/wp-content\/uploads\/2022\/05\/Bo-bun-pix.png 1080w\" sizes=\"auto, (max-width: 1024px) 100vw, 1024px\" \/><\/figure>\n\n\n\n<figure class=\"wp-block-image size-large\"><img loading=\"lazy\" decoding=\"async\" width=\"1024\" height=\"1024\" data-id=\"153\" src=\"https:\/\/lecarabao.com\/wp-content\/uploads\/2022\/05\/Salade-de-mangue-1024x1024.png\" alt=\"\" class=\"wp-image-153\" srcset=\"https:\/\/lecarabao.com\/wp-content\/uploads\/2022\/05\/Salade-de-mangue-1024x1024.png 1024w, https:\/\/lecarabao.com\/wp-content\/uploads\/2022\/05\/Salade-de-mangue-300x300.png 300w, https:\/\/lecarabao.com\/wp-content\/uploads\/2022\/05\/Salade-de-mangue-150x150.png 150w, https:\/\/lecarabao.com\/wp-content\/uploads\/2022\/05\/Salade-de-mangue-768x768.png 768w, https:\/\/lecarabao.com\/wp-content\/uploads\/2022\/05\/Salade-de-mangue.png 1080w\" sizes=\"auto, (max-width: 1024px) 100vw, 1024px\" \/><\/figure>\n\n\n\n<figure class=\"wp-block-image size-large\"><img loading=\"lazy\" decoding=\"async\" width=\"1024\" height=\"1024\" data-id=\"164\" src=\"https:\/\/lecarabao.com\/wp-content\/uploads\/2022\/05\/Poulet-adobo-1024x1024.png\" alt=\"\" class=\"wp-image-164\" srcset=\"https:\/\/lecarabao.com\/wp-content\/uploads\/2022\/05\/Poulet-adobo-1024x1024.png 1024w, https:\/\/lecarabao.com\/wp-content\/uploads\/2022\/05\/Poulet-adobo-300x300.png 300w, https:\/\/lecarabao.com\/wp-content\/uploads\/2022\/05\/Poulet-adobo-150x150.png 150w, https:\/\/lecarabao.com\/wp-content\/uploads\/2022\/05\/Poulet-adobo-768x768.png 768w, https:\/\/lecarabao.com\/wp-content\/uploads\/2022\/05\/Poulet-adobo.png 1080w\" sizes=\"auto, (max-width: 1024px) 100vw, 1024px\" \/><\/figure>\n<\/figure>\n","protected":false},"excerpt":{"rendered":"<p>A propos&#8230; Amoureux des Philippines, c\u2019est tout naturellement que Julien a rencontr\u00e9 Jemima dans ce pays merveilleux. Jemima est originaire de l\u2019\u00eele Carabao, une petite perle au d\u00e9cor paradisiaque. Passionn\u00e9s de cuisine et jouissant de nombreuses exp\u00e9riences dans la restauration aux Philippines, le d\u00e9sir de cr\u00e9er notre restaurant est n\u00e9.Nous [&hellip;]<\/p>\n","protected":false},"author":1,"featured_media":0,"parent":0,"menu_order":0,"comment_status":"closed","ping_status":"closed","template":"page-templates\/template-pagebuilder-full-width.php","meta":{"footnotes":""},"class_list":["post-17","page","type-page","status-publish","hentry"],"_links":{"self":[{"href":"https:\/\/lecarabao.com\/index.php\/wp-json\/wp\/v2\/pages\/17","targetHints":{"allow":["GET"]}}],"collection":[{"href":"https:\/\/lecarabao.com\/index.php\/wp-json\/wp\/v2\/pages"}],"about":[{"href":"https:\/\/lecarabao.com\/index.php\/wp-json\/wp\/v2\/types\/page"}],"author":[{"embeddable":true,"href":"https:\/\/lecarabao.com\/index.php\/wp-json\/wp\/v2\/users\/1"}],"replies":[{"embeddable":true,"href":"https:\/\/lecarabao.com\/index.php\/wp-json\/wp\/v2\/comments?post=17"}],"version-history":[{"count":103,"href":"https:\/\/lecarabao.com\/index.php\/wp-json\/wp\/v2\/pages\/17\/revisions"}],"predecessor-version":[{"id":293,"href":"https:\/\/lecarabao.com\/index.php\/wp-json\/wp\/v2\/pages\/17\/revisions\/293"}],"wp:attachment":[{"href":"https:\/\/lecarabao.com\/index.php\/wp-json\/wp\/v2\/media?parent=17"}],"curies":[{"name":"wp","href":"https:\/\/api.w.org\/{rel}","templated":true}]}}